{"id":1555,"date":"2024-08-27T12:27:11","date_gmt":"2024-08-27T10:27:11","guid":{"rendered":"https:\/\/www.almasicapital.com\/financial-advisory-and-structured-finance\/"},"modified":"2026-04-16T01:57:31","modified_gmt":"2026-04-15T23:57:31","slug":"financial-advisory-and-structured-finance","status":"publish","type":"page","link":"https:\/\/www.almasicapital.com\/en\/financial-advisory-and-structured-finance\/","title":{"rendered":"FINANCIAL ADVISORY AND STRUCTURED FINANCE"},"content":{"rendered":"<p>[et_pb_section fb_built=&#8221;1&#8243; fullwidth=&#8221;on&#8221; admin_label=&#8221;Section&#8221; _builder_version=&#8221;4.24.2&#8243; _module_preset=&#8221;default&#8221; da_disable_devices=&#8221;off|off|off&#8221; global_colors_info=&#8221;{}&#8221; da_is_popup=&#8221;off&#8221; da_exit_intent=&#8221;off&#8221; da_has_close=&#8221;on&#8221; da_alt_close=&#8221;off&#8221; da_dark_close=&#8221;off&#8221; da_not_modal=&#8221;on&#8221; da_is_singular=&#8221;off&#8221; da_with_loader=&#8221;off&#8221; da_has_shadow=&#8221;on&#8221;][et_pb_nextend_smart_slider_3_fullwidth slider=&#8221;10&#8243; _builder_version=&#8221;4.24.2&#8243; _module_preset=&#8221;default&#8221; global_colors_info=&#8221;{}&#8221;][\/et_pb_nextend_smart_slider_3_fullwidth][\/et_pb_section][et_pb_section fb_built=&#8221;1&#8243; admin_label=&#8221;Section&#8221; _builder_version=&#8221;4.24.2&#8243; _module_preset=&#8221;default&#8221; custom_padding=&#8221;||3px|||&#8221; da_disable_devices=&#8221;off|off|off&#8221; global_colors_info=&#8221;{}&#8221; da_is_popup=&#8221;off&#8221; da_exit_intent=&#8221;off&#8221; da_has_close=&#8221;on&#8221; da_alt_close=&#8221;off&#8221; da_dark_close=&#8221;off&#8221; da_not_modal=&#8221;on&#8221; da_is_singular=&#8221;off&#8221; da_with_loader=&#8221;off&#8221; da_has_shadow=&#8221;on&#8221;][et_pb_row _builder_version=&#8221;4.24.2&#8243; _module_preset=&#8221;default&#8221; custom_padding=&#8221;0px||0px|15px|false|false&#8221; animation_style=&#8221;slide&#8221; animation_direction=&#8221;right&#8221; border_width_left=&#8221;1px&#8221; border_color_left=&#8221;#3E4532&#8243; border_style_left=&#8221;dotted&#8221; locked=&#8221;off&#8221; global_colors_info=&#8221;{}&#8221;][et_pb_column type=&#8221;4_4&#8243; _builder_version=&#8221;4.24.2&#8243; _module_preset=&#8221;default&#8221; global_colors_info=&#8221;{}&#8221;][et_pb_text _builder_version=&#8221;4.24.2&#8243; _module_preset=&#8221;default&#8221; text_font=&#8221;Quando||||||||&#8221; text_text_color=&#8221;#3E4532&#8243; text_font_size=&#8221;30px&#8221; custom_margin=&#8221;||13px|||&#8221; text_font_size_tablet=&#8221;25px&#8221; text_font_size_phone=&#8221;20px&#8221; text_font_size_last_edited=&#8221;on|phone&#8221; global_colors_info=&#8221;{}&#8221;]<\/p>\n<p>FINANCIAL ADVISORY<\/p>\n<p>[\/et_pb_text][et_pb_text _builder_version=&#8221;4.24.2&#8243; _module_preset=&#8221;default&#8221; text_font=&#8221;|300|||||||&#8221; text_text_color=&#8221;#000000&#8243; text_font_size=&#8221;25px&#8221; text_font_size_tablet=&#8221;20px&#8221; text_font_size_phone=&#8221;15px&#8221; text_font_size_last_edited=&#8221;on|phone&#8221; global_colors_info=&#8221;{}&#8221;]And structured finance[\/et_pb_text][\/et_pb_column][\/et_pb_row][et_pb_row column_structure=&#8221;1_2,1_2&#8243; use_custom_gutter=&#8221;on&#8221; gutter_width=&#8221;2&#8243; _builder_version=&#8221;4.24.2&#8243; _module_preset=&#8221;default&#8221; custom_margin=&#8221;34px|auto||auto||&#8221; global_colors_info=&#8221;{}&#8221;][et_pb_column type=&#8221;1_2&#8243; _builder_version=&#8221;4.24.2&#8243; _module_preset=&#8221;default&#8221; animation_style=&#8221;slide&#8221; animation_direction=&#8221;left&#8221; global_colors_info=&#8221;{}&#8221;][et_pb_text _builder_version=&#8221;4.24.2&#8243; _module_preset=&#8221;default&#8221; text_orientation=&#8221;justified&#8221; global_colors_info=&#8221;{}&#8221;]<\/p>\n<p>Chez ALCA , nous comprenons qu\u2019une gestion efficace des ressources financi\u00e8res est cruciale pour la r\u00e9ussite et la croissance de votre entreprise. Notre expertise en conseil financier et en financements structur\u00e9s est con\u00e7ue pour vous offrir des solutions sur mesure qui maximisent la valorisation de votre soci\u00e9t\u00e9 tout en r\u00e9pondant \u00e0 vos besoins sp\u00e9cifiques.<\/p>\n<p>[\/et_pb_text][et_pb_accordion open_toggle_text_color=&#8221;#3E4532&#8243; icon_color=&#8221;#3E4532&#8243; _builder_version=&#8221;4.24.2&#8243; _module_preset=&#8221;default&#8221; toggle_text_color=&#8221;#3E4532&#8243; toggle_font=&#8221;|700|||||||&#8221; closed_toggle_font=&#8221;|700|||||||&#8221; body_text_align=&#8221;justify&#8221; custom_margin=&#8221;0px||0px||false|false&#8221; global_colors_info=&#8221;{}&#8221;][et_pb_accordion_item title=&#8221;Conseil financier personnalis\u00e9 &#8221; icon_color=&#8221;#3E4532&#8243; toggle_icon=&#8221;&#xf201;||fa||900&#8243; _builder_version=&#8221;4.24.2&#8243; _module_preset=&#8221;default&#8221; custom_margin=&#8221;0px||0px||false|false&#8221; global_colors_info=&#8221;{}&#8221; open=&#8221;on&#8221;]<\/p>\n<p>Our team of experienced financial advisors works closely with you to develop financial strategies tailored to your goals.<\/p>\n<p>We thoroughly analyze your operations, capital requirements, and market opportunities to provide you with informed recommendations that optimize your capital structure and improve your profitability.<\/p>\n<p>[\/et_pb_accordion_item][et_pb_accordion_item title=&#8221;Tailor-made structured finance  &#8221; toggle_icon=&#8221;&#xe0ec;||divi||400&#8243; _builder_version=&#8221;4.24.2&#8243; _module_preset=&#8221;default&#8221; custom_margin=&#8221;||0px||false|false&#8221; global_colors_info=&#8221;{}&#8221; open=&#8221;off&#8221;]<\/p>\n<p>Structured finance is a key solution for companies looking to raise funds while minimizing risk.<br \/>\nWe design sophisticated financing structures that meet your specific requirements, whether raising capital for expansion projects, acquiring strategic assets or refinancing existing debt. <\/p>\n<p>[\/et_pb_accordion_item][et_pb_accordion_item title=&#8221;Risk valuation and management  &#8221; open=&#8221;off&#8221; toggle_icon=&#8221;&#xf071;||fa||900&#8243; _builder_version=&#8221;4.24.2&#8243; _module_preset=&#8221;default&#8221; custom_margin=&#8221;0px||0px||false|false&#8221; global_colors_info=&#8221;{}&#8221;]<\/p>\n<p>Accurate valuation of your business is key to attracting investors and securing favorable financing terms.<br \/>\nWe use rigorous valuation methodologies to value your company, taking into account financial, operational, and market factors.<br \/>\nIn addition, we put in place risk management strategies to protect your interests and ensure long-term financial stability.  <\/p>\n<p>[\/et_pb_accordion_item][\/et_pb_accordion][\/et_pb_column][et_pb_column type=&#8221;1_2&#8243; _builder_version=&#8221;4.24.2&#8243; _module_preset=&#8221;default&#8221; animation_style=&#8221;slide&#8221; animation_direction=&#8221;right&#8221; global_colors_info=&#8221;{}&#8221;][et_pb_image src=&#8221;https:\/\/www.almasicapital.com\/wp-content\/uploads\/2024\/09\/conseil-financier-min.png&#8221; title_text=&#8221;Financial Advice-Min&#8221; _builder_version=&#8221;4.24.2&#8243; _module_preset=&#8221;default&#8221; global_colors_info=&#8221;{}&#8221;][\/et_pb_image][\/et_pb_column][\/et_pb_row][\/et_pb_section][et_pb_section fb_built=&#8221;1&#8243; custom_padding_last_edited=&#8221;on|phone&#8221; admin_label=&#8221;Section&#8221; module_id=&#8221;our-vision&#8221; _builder_version=&#8221;4.24.2&#8243; _module_preset=&#8221;default&#8221; background_color=&#8221;#d3e5a4&#8243; custom_padding=&#8221;||7px|||&#8221; custom_padding_tablet=&#8221;||7px|||&#8221; custom_padding_phone=&#8221;0px||0px||false|false&#8221; da_popup_slug=&#8221;notre-vision&#8221; da_disable_devices=&#8221;off|off|off&#8221; global_colors_info=&#8221;{}&#8221; da_is_popup=&#8221;off&#8221; da_exit_intent=&#8221;off&#8221; da_has_close=&#8221;on&#8221; da_alt_close=&#8221;off&#8221; da_dark_close=&#8221;off&#8221; da_not_modal=&#8221;on&#8221; da_is_singular=&#8221;off&#8221; da_with_loader=&#8221;off&#8221; da_has_shadow=&#8221;on&#8221;][et_pb_row custom_padding_last_edited=&#8221;on|phone&#8221; _builder_version=&#8221;4.24.2&#8243; _module_preset=&#8221;default&#8221; custom_padding_tablet=&#8221;&#8221; custom_padding_phone=&#8221;||0px||false|false&#8221; global_colors_info=&#8221;{}&#8221;][et_pb_column type=&#8221;4_4&#8243; _builder_version=&#8221;4.24.2&#8243; _module_preset=&#8221;default&#8221; global_colors_info=&#8221;{}&#8221;][et_pb_text _builder_version=&#8221;4.24.2&#8243; _module_preset=&#8221;default&#8221; header_2_text_align=&#8221;left&#8221; header_2_text_align_tablet=&#8221;left&#8221; header_2_text_align_phone=&#8221;center&#8221; header_2_text_align_last_edited=&#8221;on|phone&#8221; header_2_font_size_tablet=&#8221;&#8221; header_2_font_size_phone=&#8221;26px&#8221; header_2_font_size_last_edited=&#8221;on|phone&#8221; global_colors_info=&#8221;{}&#8221;]<\/p>\n<h2><img loading=\"lazy\" decoding=\"async\" src=\"https:\/\/www.almasicapital.com\/wp-content\/uploads\/2024\/08\/diamant-vert-incline.png\" width=\"24\" height=\"17\" alt=\"\" class=\"wp-image-603 alignnone size-full\" style=\"margin-right: 10px\" \/>Notre expertise dans les services d&#8217;investissement<\/h2>\n<p>[\/et_pb_text][\/et_pb_column][\/et_pb_row][et_pb_row column_structure=&#8221;1_2,1_2&#8243; _builder_version=&#8221;4.24.2&#8243; _module_preset=&#8221;default&#8221; global_colors_info=&#8221;{}&#8221;][et_pb_column type=&#8221;1_2&#8243; _builder_version=&#8221;4.24.2&#8243; _module_preset=&#8221;default&#8221; global_colors_info=&#8221;{}&#8221;][et_pb_blurb title=&#8221;Securitization of receivables&#8221; use_icon=&#8221;on&#8221; font_icon=&#8221;&#xf058;||fa||900&#8243; icon_color=&#8221;#3E4532&#8243; icon_placement=&#8221;left&#8221; image_icon_width=&#8221;28px&#8221; _builder_version=&#8221;4.24.2&#8243; _module_preset=&#8221;default&#8221; header_font=&#8221;|600|||||||&#8221; header_text_color=&#8221;#3E4532&#8243; header_font_size=&#8221;16px&#8221; body_text_align=&#8221;justify&#8221; body_font_size=&#8221;13px&#8221; animation_style=&#8221;slide&#8221; animation_direction=&#8221;left&#8221; global_colors_info=&#8221;{}&#8221;]<\/p>\n<p>Receivables securitisation is a financial arrangement by which a company seeks to acquire financing by transforming its receivables (financial or commercial receivables) into negotiable and liquid financial securities on the financial markets.<\/p>\n<p>[\/et_pb_blurb][et_pb_blurb title=&#8221;Accompagnement personnalis\u00e9 des investisseurs \u00e9trangers dans la CEMAC&#8221; use_icon=&#8221;on&#8221; font_icon=&#8221;&#xf058;||fa||900&#8243; icon_color=&#8221;#3E4532&#8243; icon_placement=&#8221;left&#8221; image_icon_width=&#8221;28px&#8221; _builder_version=&#8221;4.24.2&#8243; _module_preset=&#8221;default&#8221; header_font=&#8221;|600|||||||&#8221; header_text_color=&#8221;#3E4532&#8243; header_font_size=&#8221;16px&#8221; body_text_align=&#8221;justify&#8221; body_font_size=&#8221;13px&#8221; animation_style=&#8221;slide&#8221; animation_direction=&#8221;left&#8221; hover_enabled=&#8221;0&#8243; global_colors_info=&#8221;{}&#8221; sticky_enabled=&#8221;0&#8243;][\/et_pb_blurb][et_pb_blurb title=&#8221;Fundraising and issuance of debt securities (Bonds) or equity securities (Shares)&#8221; use_icon=&#8221;on&#8221; font_icon=&#8221;&#xf058;||fa||900&#8243; icon_color=&#8221;#3E4532&#8243; icon_placement=&#8221;left&#8221; image_icon_width=&#8221;28px&#8221; _builder_version=&#8221;4.24.2&#8243; _module_preset=&#8221;default&#8221; header_font=&#8221;|600|||||||&#8221; header_text_color=&#8221;#3E4532&#8243; header_font_size=&#8221;16px&#8221; body_text_align=&#8221;justify&#8221; body_font_size=&#8221;13px&#8221; animation_style=&#8221;slide&#8221; animation_direction=&#8221;left&#8221; global_colors_info=&#8221;{}&#8221;][\/et_pb_blurb][et_pb_blurb title=&#8221;D\u00e9mat\u00e9rialisation des actions non cot\u00e9es&#8221; use_icon=&#8221;on&#8221; font_icon=&#8221;&#xf058;||fa||900&#8243; icon_color=&#8221;#3E4532&#8243; icon_placement=&#8221;left&#8221; image_icon_width=&#8221;28px&#8221; _builder_version=&#8221;4.24.2&#8243; _module_preset=&#8221;default&#8221; header_font=&#8221;|600|||||||&#8221; header_text_color=&#8221;#3E4532&#8243; header_font_size=&#8221;16px&#8221; body_text_align=&#8221;justify&#8221; body_font_size=&#8221;13px&#8221; animation_style=&#8221;slide&#8221; animation_direction=&#8221;left&#8221; global_colors_info=&#8221;{}&#8221;][\/et_pb_blurb][\/et_pb_column][et_pb_column type=&#8221;1_2&#8243; _builder_version=&#8221;4.24.2&#8243; _module_preset=&#8221;default&#8221; global_colors_info=&#8221;{}&#8221;][et_pb_blurb title=&#8221;Financial structuring&#8221; use_icon=&#8221;on&#8221; font_icon=&#8221;&#xf058;||fa||900&#8243; icon_color=&#8221;#3E4532&#8243; icon_placement=&#8221;left&#8221; image_icon_width=&#8221;28px&#8221; _builder_version=&#8221;4.24.2&#8243; _module_preset=&#8221;default&#8221; header_font=&#8221;|600|||||||&#8221; header_text_color=&#8221;#3E4532&#8243; header_font_size=&#8221;16px&#8221; body_text_align=&#8221;justify&#8221; body_font_size=&#8221;13px&#8221; animation_style=&#8221;slide&#8221; animation_direction=&#8221;right&#8221; global_colors_info=&#8221;{}&#8221;]<\/p>\n<p>We support our clients in the development of business plans for their investment projects as well as in the choice of the optimal financial structure<\/p>\n<p>[\/et_pb_blurb][et_pb_blurb title=&#8221;IPO&#8221; use_icon=&#8221;on&#8221; font_icon=&#8221;&#xf058;||fa||900&#8243; icon_color=&#8221;#3E4532&#8243; icon_placement=&#8221;left&#8221; image_icon_width=&#8221;28px&#8221; _builder_version=&#8221;4.24.2&#8243; _module_preset=&#8221;default&#8221; header_font=&#8221;|600|||||||&#8221; header_text_color=&#8221;#3E4532&#8243; header_font_size=&#8221;16px&#8221; body_text_align=&#8221;justify&#8221; body_font_size=&#8221;13px&#8221; animation_style=&#8221;slide&#8221; animation_direction=&#8221;right&#8221; global_colors_info=&#8221;{}&#8221;][\/et_pb_blurb][et_pb_blurb title=&#8221;Financial restructuring and corporate recapitalization&#8221; use_icon=&#8221;on&#8221; font_icon=&#8221;&#xf058;||fa||900&#8243; icon_color=&#8221;#3E4532&#8243; icon_placement=&#8221;left&#8221; image_icon_width=&#8221;28px&#8221; _builder_version=&#8221;4.24.2&#8243; _module_preset=&#8221;default&#8221; header_font=&#8221;|600|||||||&#8221; header_text_color=&#8221;#3E4532&#8243; header_font_size=&#8221;16px&#8221; body_text_align=&#8221;justify&#8221; body_font_size=&#8221;13px&#8221; animation_style=&#8221;slide&#8221; animation_direction=&#8221;right&#8221; global_colors_info=&#8221;{}&#8221;][\/et_pb_blurb][et_pb_blurb title=&#8221;Mergers &amp; Acquisitions of companies&#8221; use_icon=&#8221;on&#8221; font_icon=&#8221;&#xf058;||fa||900&#8243; icon_color=&#8221;#3E4532&#8243; icon_placement=&#8221;left&#8221; image_icon_width=&#8221;28px&#8221; _builder_version=&#8221;4.24.2&#8243; _module_preset=&#8221;default&#8221; header_font=&#8221;|600|||||||&#8221; header_text_color=&#8221;#3E4532&#8243; header_font_size=&#8221;16px&#8221; body_text_align=&#8221;justify&#8221; body_font_size=&#8221;13px&#8221; animation_style=&#8221;slide&#8221; animation_direction=&#8221;right&#8221; global_colors_info=&#8221;{}&#8221;][\/et_pb_blurb][\/et_pb_column][\/et_pb_row][\/et_pb_section]<\/p>\n","protected":false},"excerpt":{"rendered":"<p>FINANCIAL ADVISORYAnd structured financeChez ALCA , nous comprenons qu\u2019une gestion efficace des ressources financi\u00e8res est cruciale pour la r\u00e9ussite et la croissance de votre entreprise. Notre expertise en conseil financier et en financements structur\u00e9s est con\u00e7ue pour vous offrir des solutions sur mesure qui maximisent la valorisation de votre soci\u00e9t\u00e9 tout en r\u00e9pondant \u00e0 vos [&hellip;]<\/p>\n","protected":false},"author":1,"featured_media":0,"parent":0,"menu_order":0,"comment_status":"closed","ping_status":"closed","template":"","meta":{"_et_pb_use_builder":"on","_et_pb_old_content":"","_et_gb_content_width":"","footnotes":""},"class_list":["post-1555","page","type-page","status-publish","hentry"],"yoast_head":"<!-- This site is optimized with the Yoast SEO plugin v27.4 - https:\/\/yoast.com\/product\/yoast-seo-wordpress\/ -->\n<title>FINANCIAL ADVISORY AND STRUCTURED FINANCE - ALMASI CAPITAL &amp; ADVISORY<\/title>\n<meta name=\"robots\" content=\"index, follow, max-snippet:-1, max-image-preview:large, max-video-preview:-1\" \/>\n<link rel=\"canonical\" href=\"https:\/\/www.almasicapital.com\/en\/financial-advisory-and-structured-finance\/\" \/>\n<meta property=\"og:locale\" content=\"en_US\" \/>\n<meta property=\"og:type\" content=\"article\" \/>\n<meta property=\"og:title\" content=\"FINANCIAL ADVISORY AND STRUCTURED FINANCE - ALMASI CAPITAL &amp; ADVISORY\" \/>\n<meta property=\"og:description\" content=\"FINANCIAL ADVISORYAnd structured financeChez ALCA , nous comprenons qu\u2019une gestion efficace des ressources financi\u00e8res est cruciale pour la r\u00e9ussite et la croissance de votre entreprise. Notre expertise en conseil financier et en financements structur\u00e9s est con\u00e7ue pour vous offrir des solutions sur mesure qui maximisent la valorisation de votre soci\u00e9t\u00e9 tout en r\u00e9pondant \u00e0 vos [&hellip;]\" \/>\n<meta property=\"og:url\" content=\"https:\/\/www.almasicapital.com\/en\/financial-advisory-and-structured-finance\/\" \/>\n<meta property=\"og:site_name\" content=\"ALMASI CAPITAL &amp; ADVISORY\" \/>\n<meta property=\"article:publisher\" content=\"https:\/\/web.facebook.com\/profile.php?id=61568505827397\" \/>\n<meta property=\"article:modified_time\" content=\"2026-04-15T23:57:31+00:00\" \/>\n<meta property=\"og:image\" content=\"https:\/\/www.almasicapital.com\/wp-content\/uploads\/2024\/08\/diamant-vert-incline.png\" \/>\n\t<meta property=\"og:image:width\" content=\"24\" \/>\n\t<meta property=\"og:image:height\" content=\"17\" \/>\n\t<meta property=\"og:image:type\" content=\"image\/png\" \/>\n<meta name=\"twitter:card\" content=\"summary_large_image\" \/>\n<meta name=\"twitter:label1\" content=\"Est. reading time\" \/>\n\t<meta name=\"twitter:data1\" content=\"8 minutes\" \/>\n<script type=\"application\/ld+json\" class=\"yoast-schema-graph\">{\"@context\":\"https:\\\/\\\/schema.org\",\"@graph\":[{\"@type\":\"WebPage\",\"@id\":\"https:\\\/\\\/www.almasicapital.com\\\/en\\\/financial-advisory-and-structured-finance\\\/\",\"url\":\"https:\\\/\\\/www.almasicapital.com\\\/en\\\/financial-advisory-and-structured-finance\\\/\",\"name\":\"FINANCIAL ADVISORY AND STRUCTURED FINANCE - ALMASI CAPITAL &amp; ADVISORY\",\"isPartOf\":{\"@id\":\"https:\\\/\\\/www.almasicapital.com\\\/en\\\/#website\"},\"primaryImageOfPage\":{\"@id\":\"https:\\\/\\\/www.almasicapital.com\\\/en\\\/financial-advisory-and-structured-finance\\\/#primaryimage\"},\"image\":{\"@id\":\"https:\\\/\\\/www.almasicapital.com\\\/en\\\/financial-advisory-and-structured-finance\\\/#primaryimage\"},\"thumbnailUrl\":\"https:\\\/\\\/www.almasicapital.com\\\/wp-content\\\/uploads\\\/2024\\\/08\\\/diamant-vert-incline.png\",\"datePublished\":\"2024-08-27T10:27:11+00:00\",\"dateModified\":\"2026-04-15T23:57:31+00:00\",\"breadcrumb\":{\"@id\":\"https:\\\/\\\/www.almasicapital.com\\\/en\\\/financial-advisory-and-structured-finance\\\/#breadcrumb\"},\"inLanguage\":\"en-US\",\"potentialAction\":[{\"@type\":\"ReadAction\",\"target\":[\"https:\\\/\\\/www.almasicapital.com\\\/en\\\/financial-advisory-and-structured-finance\\\/\"]}]},{\"@type\":\"ImageObject\",\"inLanguage\":\"en-US\",\"@id\":\"https:\\\/\\\/www.almasicapital.com\\\/en\\\/financial-advisory-and-structured-finance\\\/#primaryimage\",\"url\":\"https:\\\/\\\/www.almasicapital.com\\\/wp-content\\\/uploads\\\/2024\\\/08\\\/diamant-vert-incline.png\",\"contentUrl\":\"https:\\\/\\\/www.almasicapital.com\\\/wp-content\\\/uploads\\\/2024\\\/08\\\/diamant-vert-incline.png\"},{\"@type\":\"BreadcrumbList\",\"@id\":\"https:\\\/\\\/www.almasicapital.com\\\/en\\\/financial-advisory-and-structured-finance\\\/#breadcrumb\",\"itemListElement\":[{\"@type\":\"ListItem\",\"position\":1,\"name\":\"Accueil\",\"item\":\"https:\\\/\\\/www.almasicapital.com\\\/en\\\/\"},{\"@type\":\"ListItem\",\"position\":2,\"name\":\"FINANCIAL ADVISORY AND STRUCTURED FINANCE\"}]},{\"@type\":\"WebSite\",\"@id\":\"https:\\\/\\\/www.almasicapital.com\\\/en\\\/#website\",\"url\":\"https:\\\/\\\/www.almasicapital.com\\\/en\\\/\",\"name\":\"ALMASI CAPITAL & ADVISORY\",\"description\":\"Votre succ\u00e8s, notre engagement\",\"publisher\":{\"@id\":\"https:\\\/\\\/www.almasicapital.com\\\/en\\\/#organization\"},\"potentialAction\":[{\"@type\":\"SearchAction\",\"target\":{\"@type\":\"EntryPoint\",\"urlTemplate\":\"https:\\\/\\\/www.almasicapital.com\\\/en\\\/?s={search_term_string}\"},\"query-input\":{\"@type\":\"PropertyValueSpecification\",\"valueRequired\":true,\"valueName\":\"search_term_string\"}}],\"inLanguage\":\"en-US\"},{\"@type\":\"Organization\",\"@id\":\"https:\\\/\\\/www.almasicapital.com\\\/en\\\/#organization\",\"name\":\"ALMASI CAPITAL & ADVISORY\",\"url\":\"https:\\\/\\\/www.almasicapital.com\\\/en\\\/\",\"logo\":{\"@type\":\"ImageObject\",\"inLanguage\":\"en-US\",\"@id\":\"https:\\\/\\\/www.almasicapital.com\\\/en\\\/#\\\/schema\\\/logo\\\/image\\\/\",\"url\":\"https:\\\/\\\/www.almasicapital.com\\\/wp-content\\\/uploads\\\/2024\\\/11\\\/logo-vert.jpg\",\"contentUrl\":\"https:\\\/\\\/www.almasicapital.com\\\/wp-content\\\/uploads\\\/2024\\\/11\\\/logo-vert.jpg\",\"width\":640,\"height\":640,\"caption\":\"ALMASI CAPITAL & ADVISORY\"},\"image\":{\"@id\":\"https:\\\/\\\/www.almasicapital.com\\\/en\\\/#\\\/schema\\\/logo\\\/image\\\/\"},\"sameAs\":[\"https:\\\/\\\/web.facebook.com\\\/profile.php?id=61568505827397\"]}]}<\/script>\n<!-- \/ Yoast SEO plugin. -->","yoast_head_json":{"title":"FINANCIAL ADVISORY AND STRUCTURED FINANCE - ALMASI CAPITAL &amp; ADVISORY","robots":{"index":"index","follow":"follow","max-snippet":"max-snippet:-1","max-image-preview":"max-image-preview:large","max-video-preview":"max-video-preview:-1"},"canonical":"https:\/\/www.almasicapital.com\/en\/financial-advisory-and-structured-finance\/","og_locale":"en_US","og_type":"article","og_title":"FINANCIAL ADVISORY AND STRUCTURED FINANCE - ALMASI CAPITAL &amp; ADVISORY","og_description":"FINANCIAL ADVISORYAnd structured financeChez ALCA , nous comprenons qu\u2019une gestion efficace des ressources financi\u00e8res est cruciale pour la r\u00e9ussite et la croissance de votre entreprise. Notre expertise en conseil financier et en financements structur\u00e9s est con\u00e7ue pour vous offrir des solutions sur mesure qui maximisent la valorisation de votre soci\u00e9t\u00e9 tout en r\u00e9pondant \u00e0 vos [&hellip;]","og_url":"https:\/\/www.almasicapital.com\/en\/financial-advisory-and-structured-finance\/","og_site_name":"ALMASI CAPITAL &amp; ADVISORY","article_publisher":"https:\/\/web.facebook.com\/profile.php?id=61568505827397","article_modified_time":"2026-04-15T23:57:31+00:00","og_image":[{"width":24,"height":17,"url":"https:\/\/www.almasicapital.com\/wp-content\/uploads\/2024\/08\/diamant-vert-incline.png","type":"image\/png"}],"twitter_card":"summary_large_image","twitter_misc":{"Est. reading time":"8 minutes"},"schema":{"@context":"https:\/\/schema.org","@graph":[{"@type":"WebPage","@id":"https:\/\/www.almasicapital.com\/en\/financial-advisory-and-structured-finance\/","url":"https:\/\/www.almasicapital.com\/en\/financial-advisory-and-structured-finance\/","name":"FINANCIAL ADVISORY AND STRUCTURED FINANCE - ALMASI CAPITAL &amp; ADVISORY","isPartOf":{"@id":"https:\/\/www.almasicapital.com\/en\/#website"},"primaryImageOfPage":{"@id":"https:\/\/www.almasicapital.com\/en\/financial-advisory-and-structured-finance\/#primaryimage"},"image":{"@id":"https:\/\/www.almasicapital.com\/en\/financial-advisory-and-structured-finance\/#primaryimage"},"thumbnailUrl":"https:\/\/www.almasicapital.com\/wp-content\/uploads\/2024\/08\/diamant-vert-incline.png","datePublished":"2024-08-27T10:27:11+00:00","dateModified":"2026-04-15T23:57:31+00:00","breadcrumb":{"@id":"https:\/\/www.almasicapital.com\/en\/financial-advisory-and-structured-finance\/#breadcrumb"},"inLanguage":"en-US","potentialAction":[{"@type":"ReadAction","target":["https:\/\/www.almasicapital.com\/en\/financial-advisory-and-structured-finance\/"]}]},{"@type":"ImageObject","inLanguage":"en-US","@id":"https:\/\/www.almasicapital.com\/en\/financial-advisory-and-structured-finance\/#primaryimage","url":"https:\/\/www.almasicapital.com\/wp-content\/uploads\/2024\/08\/diamant-vert-incline.png","contentUrl":"https:\/\/www.almasicapital.com\/wp-content\/uploads\/2024\/08\/diamant-vert-incline.png"},{"@type":"BreadcrumbList","@id":"https:\/\/www.almasicapital.com\/en\/financial-advisory-and-structured-finance\/#breadcrumb","itemListElement":[{"@type":"ListItem","position":1,"name":"Accueil","item":"https:\/\/www.almasicapital.com\/en\/"},{"@type":"ListItem","position":2,"name":"FINANCIAL ADVISORY AND STRUCTURED FINANCE"}]},{"@type":"WebSite","@id":"https:\/\/www.almasicapital.com\/en\/#website","url":"https:\/\/www.almasicapital.com\/en\/","name":"ALMASI CAPITAL & ADVISORY","description":"Votre succ\u00e8s, notre engagement","publisher":{"@id":"https:\/\/www.almasicapital.com\/en\/#organization"},"potentialAction":[{"@type":"SearchAction","target":{"@type":"EntryPoint","urlTemplate":"https:\/\/www.almasicapital.com\/en\/?s={search_term_string}"},"query-input":{"@type":"PropertyValueSpecification","valueRequired":true,"valueName":"search_term_string"}}],"inLanguage":"en-US"},{"@type":"Organization","@id":"https:\/\/www.almasicapital.com\/en\/#organization","name":"ALMASI CAPITAL & ADVISORY","url":"https:\/\/www.almasicapital.com\/en\/","logo":{"@type":"ImageObject","inLanguage":"en-US","@id":"https:\/\/www.almasicapital.com\/en\/#\/schema\/logo\/image\/","url":"https:\/\/www.almasicapital.com\/wp-content\/uploads\/2024\/11\/logo-vert.jpg","contentUrl":"https:\/\/www.almasicapital.com\/wp-content\/uploads\/2024\/11\/logo-vert.jpg","width":640,"height":640,"caption":"ALMASI CAPITAL & ADVISORY"},"image":{"@id":"https:\/\/www.almasicapital.com\/en\/#\/schema\/logo\/image\/"},"sameAs":["https:\/\/web.facebook.com\/profile.php?id=61568505827397"]}]}},"_links":{"self":[{"href":"https:\/\/www.almasicapital.com\/en\/wp-json\/wp\/v2\/pages\/1555","targetHints":{"allow":["GET"]}}],"collection":[{"href":"https:\/\/www.almasicapital.com\/en\/wp-json\/wp\/v2\/pages"}],"about":[{"href":"https:\/\/www.almasicapital.com\/en\/wp-json\/wp\/v2\/types\/page"}],"author":[{"embeddable":true,"href":"https:\/\/www.almasicapital.com\/en\/wp-json\/wp\/v2\/users\/1"}],"replies":[{"embeddable":true,"href":"https:\/\/www.almasicapital.com\/en\/wp-json\/wp\/v2\/comments?post=1555"}],"version-history":[{"count":94,"href":"https:\/\/www.almasicapital.com\/en\/wp-json\/wp\/v2\/pages\/1555\/revisions"}],"predecessor-version":[{"id":3866,"href":"https:\/\/www.almasicapital.com\/en\/wp-json\/wp\/v2\/pages\/1555\/revisions\/3866"}],"wp:attachment":[{"href":"https:\/\/www.almasicapital.com\/en\/wp-json\/wp\/v2\/media?parent=1555"}],"curies":[{"name":"wp","href":"https:\/\/api.w.org\/{rel}","templated":true}]}}